{"id":223593,"date":"2023-07-26T16:10:11","date_gmt":"2023-07-26T16:10:11","guid":{"rendered":"http:\/\/zum-bader.de\/?page_id=223593"},"modified":"2023-11-15T10:54:24","modified_gmt":"2023-11-15T10:54:24","slug":"hopfenbundnis","status":"publish","type":"page","link":"http:\/\/zum-bader.de\/?page_id=223593","title":{"rendered":"Hopfenb\u00fcndnis"},"content":{"rendered":"<p>[et_pb_section fb_built=&#8221;1&#8243; fullwidth=&#8221;on&#8221; disabled_on=&#8221;off|off|off&#8221; admin_label=&#8221;Hero&#8221; _builder_version=&#8221;4.16&#8243; background_color=&#8221;#000000&#8243; parallax=&#8221;on&#8221; custom_padding=&#8221;|||&#8221; transparent_background=&#8221;on&#8221; global_colors_info=&#8221;{}&#8221;][et_pb_fullwidth_header title=&#8221;Bader-Hoehn Hopfenb\u00fcndnis&#8221; text_orientation=&#8221;center&#8221; header_fullscreen=&#8221;on&#8221; header_scroll_down=&#8221;on&#8221; scroll_down_icon=&#8221;%%0%%&#8221; scroll_down_icon_color=&#8221;#ffffff&#8221; scroll_down_icon_size=&#8221;32px&#8221; button_one_url=&#8221;@ET-DC@eyJkeW5hbWljIjp0cnVlLCJjb250ZW50IjoicG9zdF9saW5rX3VybF9wYWdlIiwic2V0dGluZ3MiOnsicG9zdF9pZCI6IjU2In19@&#8221; button_two_url=&#8221;@ET-DC@eyJkeW5hbWljIjp0cnVlLCJjb250ZW50IjoicG9zdF9saW5rX3VybF9wYWdlIiwic2V0dGluZ3MiOnsicG9zdF9pZCI6IjU4In19@&#8221; background_overlay_color=&#8221;rgba(31,31,31,0.8)&#8221; subhead_font_color=&#8221;#bebebe&#8221; _builder_version=&#8221;4.16&#8243; _dynamic_attributes=&#8221;button_one_url,button_two_url&#8221; title_font=&#8221;Playfair Display||||&#8221; title_text_color=&#8221;#ffffff&#8221; title_font_size=&#8221;50px&#8221; title_line_height=&#8221;1.3em&#8221; content_font=&#8221;Montserrat||||&#8221; content_text_color=&#8221;#bfbfbf&#8221; content_font_size=&#8221;19px&#8221; content_line_height=&#8221;1.8em&#8221; subhead_font=&#8221;Montserrat||||&#8221; subhead_text_color=&#8221;#bebebe&#8221; subhead_line_height=&#8221;1.8em&#8221; background_color=&#8221;rgba(255, 255, 255, 0)&#8221; background_image=&#8221;http:\/\/zum-bader.de\/wp-content\/uploads\/2019\/11\/centralimage3.jpg&#8221; parallax=&#8221;on&#8221; parallax_method=&#8221;on&#8221; custom_button_one=&#8221;on&#8221; button_one_text_size=&#8221;15px&#8221; button_one_text_color=&#8221;#ffffff&#8221; button_one_border_width=&#8221;2px&#8221; button_one_border_color=&#8221;#ffffff&#8221; button_one_border_radius=&#8221;0px&#8221; button_one_letter_spacing=&#8221;1px&#8221; button_one_font=&#8221;Montserrat|||on|&#8221; button_one_use_icon=&#8221;off&#8221; custom_button_two=&#8221;on&#8221; button_two_text_size=&#8221;15px&#8221; button_two_text_color=&#8221;#ffffff&#8221; button_two_bg_color=&#8221;#c39d63&#8243; button_two_border_width=&#8221;2px&#8221; button_two_border_color=&#8221;#c39d63&#8243; button_two_border_radius=&#8221;0px&#8221; button_two_letter_spacing=&#8221;1px&#8221; button_two_font=&#8221;Montserrat|||on|&#8221; button_two_use_icon=&#8221;off&#8221; animation_style=&#8221;zoom&#8221; animation_duration=&#8221;1500ms&#8221; animation_intensity_zoom=&#8221;4%&#8221; title_line_height_last_edited=&#8221;off|desktop&#8221; button_one_border_radius_hover=&#8221;0px&#8221; button_one_letter_spacing_hover=&#8221;1px&#8221; button_two_letter_spacing_hover=&#8221;1px&#8221; global_colors_info=&#8221;{}&#8221; button_one_text_size__hover_enabled=&#8221;off&#8221; button_two_text_size__hover_enabled=&#8221;off&#8221; button_one_text_color__hover_enabled=&#8221;off&#8221; button_two_text_color__hover_enabled=&#8221;off&#8221; button_one_border_width__hover_enabled=&#8221;off&#8221; button_two_border_width__hover_enabled=&#8221;off&#8221; button_one_border_color__hover_enabled=&#8221;off&#8221; button_two_border_color__hover_enabled=&#8221;off&#8221; button_one_border_radius__hover_enabled=&#8221;on&#8221; button_one_border_radius__hover=&#8221;0px&#8221; button_two_border_radius__hover_enabled=&#8221;off&#8221; button_one_letter_spacing__hover_enabled=&#8221;on&#8221; button_one_letter_spacing__hover=&#8221;1px&#8221; button_two_letter_spacing__hover_enabled=&#8221;on&#8221; button_two_letter_spacing__hover=&#8221;1px&#8221; button_one_bg_color__hover_enabled=&#8221;off&#8221; button_two_bg_color__hover_enabled=&#8221;off&#8221; content__hover_enabled=&#8221;on|desktop&#8221; content__hover=&#8221;<\/p>\n<\/p>\n<p>&#8220;]<\/p>\n<p>&nbsp;<\/p>\n<p>&nbsp;<\/p>\n<p>[\/et_pb_fullwidth_header][\/et_pb_section][et_pb_section fb_built=&#8221;1&#8243; _builder_version=&#8221;4.16&#8243; custom_padding=&#8221;||54px|||&#8221; global_colors_info=&#8221;{}&#8221;][et_pb_row _builder_version=&#8221;4.16&#8243; global_colors_info=&#8221;{}&#8221;][et_pb_column type=&#8221;4_4&#8243; _builder_version=&#8221;4.16&#8243; global_colors_info=&#8221;{}&#8221;][et_pb_image src=&#8221;http:\/\/zum-bader.de\/wp-content\/uploads\/2023\/07\/HopfenbuendnisLogo.png&#8221; title_text=&#8221;HopfenbuendnisLogo&#8221; align=&#8221;center&#8221; _builder_version=&#8221;4.21.0&#8243; _module_preset=&#8221;default&#8221; global_colors_info=&#8221;{}&#8221;][\/et_pb_image][\/et_pb_column][\/et_pb_row][et_pb_row _builder_version=&#8221;4.22.1&#8243; _module_preset=&#8221;default&#8221; custom_padding=&#8221;||0px|||&#8221; global_colors_info=&#8221;{}&#8221;][et_pb_column type=&#8221;4_4&#8243; _builder_version=&#8221;4.22.1&#8243; _module_preset=&#8221;default&#8221; global_colors_info=&#8221;{}&#8221;][et_pb_text _builder_version=&#8221;4.22.1&#8243; _module_preset=&#8221;default&#8221; global_colors_info=&#8221;{}&#8221;]<\/p>\n<h3 style=\"text-align: center;\"><strong>Es ist so weit: Werner&#8217;s Thekengold ist erh\u00e4ltlich!<br \/><\/strong><\/h3>\n<p style=\"text-align: center;\"><span style=\"font-size: large;\">Die Zeit des Wartens hat ein Ende! Wir pr\u00e4sentieren stolz unser erstes exklusiv f\u00fcr uns gebrautes Bier: willkommen, Werner&#8217;s Thekengold! Ab dem 18. November wird es exklusiv im Wechself\u00e4\u00dfla erh\u00e4ltlich sein. Dieses au\u00dfergew\u00f6hnliche Bier ist das Ergebnis einer einzigartigen Partnerschaft, die unsere Leidenschaft f\u00fcr handwerklich gebrautes Bier und fr\u00e4nkische Gastfreundschaft verk\u00f6rpert.<\/span><span style=\"font-size: large;\"><\/span><span style=\"font-size: large;\"><\/span><span style=\"font-size: large;\"><\/span><span style=\"font-size: large;\"><\/span><\/p>\n<p style=\"text-align: center;\">\n<p style=\"text-align: center;\">\n<p>[\/et_pb_text][\/et_pb_column][\/et_pb_row][et_pb_row _builder_version=&#8221;4.22.1&#8243; _module_preset=&#8221;default&#8221; global_colors_info=&#8221;{}&#8221;][et_pb_column type=&#8221;4_4&#8243; _builder_version=&#8221;4.22.1&#8243; _module_preset=&#8221;default&#8221; global_colors_info=&#8221;{}&#8221;][et_pb_image src=&#8221;http:\/\/zum-bader.de\/wp-content\/uploads\/2023\/11\/ThekengoldBB.png&#8221; title_text=&#8221;ThekengoldBB&#8221; _builder_version=&#8221;4.22.1&#8243; _module_preset=&#8221;default&#8221; width=&#8221;50%&#8221; max_width=&#8221;50%&#8221; module_alignment=&#8221;center&#8221; global_colors_info=&#8221;{}&#8221;][\/et_pb_image][\/et_pb_column][\/et_pb_row][et_pb_row _builder_version=&#8221;4.16&#8243; global_colors_info=&#8221;{}&#8221;][et_pb_column type=&#8221;4_4&#8243; _builder_version=&#8221;4.16&#8243; global_colors_info=&#8221;{}&#8221;][et_pb_image src=&#8221;http:\/\/zum-bader.de\/wp-content\/uploads\/2023\/09\/IMG_0521-scaled.jpeg&#8221; title_text=&#8221;IMG_0521&#8243; align=&#8221;center&#8221; _builder_version=&#8221;4.22.1&#8243; _module_preset=&#8221;default&#8221; global_colors_info=&#8221;{}&#8221;][\/et_pb_image][\/et_pb_column][\/et_pb_row][et_pb_row _builder_version=&#8221;4.22.1&#8243; _module_preset=&#8221;default&#8221; global_colors_info=&#8221;{}&#8221;][et_pb_column type=&#8221;4_4&#8243; _builder_version=&#8221;4.22.1&#8243; _module_preset=&#8221;default&#8221; global_colors_info=&#8221;{}&#8221;][et_pb_text _builder_version=&#8221;4.22.1&#8243; _module_preset=&#8221;default&#8221; global_colors_info=&#8221;{}&#8221;]<\/p>\n<h3 style=\"text-align: center;\"><strong>Das Bader-Hoehn Hopfenb\u00fcndnis: Eine Hommage an die fr\u00e4nkische Brautradition<\/strong><\/h3>\n<p style=\"text-align: center;\"><span style=\"font-size: large;\">Liebe Bierliebhaberinnen und Bierliebhaber, wir freuen uns, Ihnen einen spannenden Einblick in die Entstehung unseres exklusiven Bieres, dem &#8220;Bader-Hoehn Hopfenb\u00fcndnis&#8221;, zu geben. Dieses au\u00dfergew\u00f6hnliche Bier ist das Ergebnis einer einzigartigen Zusammenarbeit zwischen dem Restaurant &#8220;Zum Bader&#8221; und der <a href=\"www.bierfabrikhoehn.de\"><span style=\"text-decoration: underline;\">Bierfabrik Hoehn<\/span><\/a>. Am 30. September war es so weit, wir haben den Sud angesetzt und unser Bier gebraut. Nun freuen wir uns riesig, Ihnen das Ergebnis unserer Hommage an die fr\u00e4nkische Brautradition zu pr\u00e4sentieren. Weiter unten sehen Sie das Ganze auch exklusiv im Video.<br \/><\/span><\/p>\n<p style=\"text-align: center;\"><span style=\"font-size: large;\"><strong>Vom Sudhaus ins Fass &#8211; Die Kunst des traditionellen Brauens<\/strong><\/span><\/p>\n<p style=\"text-align: center;\"><span style=\"font-size: large;\">Zusammen mit dem Chef der Bierfabrik, Mathias Hoehn, wurden die Zutaten f\u00fcr unser &#8220;Bader-Hoehn Hopfenb\u00fcndnis&#8221; sorgf\u00e4ltig ausgew\u00e4hlt und vorbereitet. Wir verwenden ausschlie\u00dflich hochwertigste Zutaten wie unseren eigenen &#8220;Zum Bader&#8221; Biergartenhopfen, erlesenen Spalter Hopfen und Malz von der Traditionsm\u00e4lzerei Weyermann in Bamberg. Unter der fachkundigen Leitung von Mathias durchl\u00e4uft unser Bier den gesamten Brauprozess, vom Maischen bis zur G\u00e4rung und dann die Abf\u00fcllung in die F\u00e4sser. Jeder Schritt wurde mit gr\u00f6\u00dfter Sorgfalt und Hingabe ausgef\u00fchrt. Es ist ein Handwerk, das auf jahrhundertealter Tradition basiert und von Mathias auch im 21. Jahrhundert mit Hingabe aufrecht erhalten wird.<\/span><\/p>\n<p style=\"text-align: center;\"><span style=\"font-size: large;\"><strong>Die Reifezeit &#8211; Die Kunst des Wartens<\/strong><\/span><\/p>\n<p style=\"text-align: center;\"><span style=\"font-size: large;\">Nach dem Brauen beginnt eine Zeit des Wartens und der Reifung. Wir geben unserem &#8220;Bader-Hoehn Hopfenb\u00fcndnis&#8221; die Zeit, die es braucht, um seinen vollen Charakter zu entwickeln. Anders als moderne Biere, die oft Zus\u00e4tze und Beschleuniger verwenden, bleibt unser Bier dem traditionellen Brauverfahren treu, das sich \u00fcber Jahrhunderte bew\u00e4hrt hat. Diese R\u00fcckbesinnung auf die Wurzeln des Brauens bedeutet, dass wir Geduld haben m\u00fcssen, damit unser Bier seine volle Pracht entfalten kann. Und genau das habne wir getan.<br \/><\/span><\/p>\n<p style=\"text-align: center;\">\n<p style=\"text-align: center;\">\n<p>[\/et_pb_text][et_pb_text _builder_version=&#8221;4.22.1&#8243; _module_preset=&#8221;default&#8221; custom_padding=&#8221;1px|||||&#8221; global_colors_info=&#8221;{}&#8221;]<\/p>\n<h3 style=\"text-align: center;\"><strong>Ein paar Worte zu Werner&#8217;s Thekengold<br \/><\/strong><\/h3>\n<p style=\"text-align: center;\"><span style=\"font-size: large;\">Wir haben Sie, gesch\u00e4tzte G\u00e4ste, eingeladen, die Namensgebung f\u00fcr unser neues Bier zu bestimmen, und Ihre Beteiligung war \u00fcberw\u00e4ltigend. Zahlreiche von Ihnen haben mitgemacht, und mit gro\u00dfem Abstand hat sich der Name Werner&#8217;s Thekengold durchgesetzt. Kaum verwunderlich, ist Werner&#8217;s Thekengold doch mehr als nur ein Name: er ist ein Zeichen Ihrer Verbundenheit mit unserem Restaurant und Ihrer Wertsch\u00e4tzung f\u00fcr Werner, Ihren Gastgeber und Chef an der Theke. Der Name steht aber auch f\u00fcr die goldenen Momente, die Sie bei uns und mit diesem Bier erleben \u2013 Momente der Geselligkeit, der Freude und des erstklassigen Genusses. Wir m\u00f6chten uns herzlich bei allen bedanken, die an dieser Abstimmung teilgenommen haben. Werner&#8217;s Thekengold ist nun nicht nur unser Biername, sondern ein Symbol f\u00fcr die enge Beziehung zwischen Ihnen, unserem Restaurant und Werner selbst. Wir sind stolz darauf, mit Ihnen auf Werner&#8217;s Thekengold anzusto\u00dfen und freuen uns darauf, diese besondere Kreation mit Ihnen zu teilen.<br \/><\/span><\/p>\n<p style=\"text-align: center;\"><span style=\"font-size: large;\"><\/span><\/p>\n<p style=\"text-align: center;\"><span style=\"font-size: large;\"><strong>Wie schmeckt das Thekengold denn?<br \/><\/strong><\/span><\/p>\n<p style=\"text-align: center;\"><span style=\"font-size: large;\">Dieses au\u00dfergew\u00f6hnliche Bier ist das Ergebnis leidenschaftlicher Braukunst und jahrelanger gastronomischer Expertise und genau das schmeckt man. Mit einem Alkoholgehalt von 4,7% und einer Stammw\u00fcrze von 11\u00b0P pr\u00e4sentiert sich Werner&#8217;s Thekengold als ein hervorragend ausgewogenes Helles. Es beeindruckt durch seine ansprechende goldene Farbe und den einladenden, sanften Hopfencharakter &#8211; ein Hoch auf unseren Biergartenhopfen! In der Nase werden Sie subtile florale und fruchtige Noten wahrnehmen, w\u00e4hrend der erste Schluck eine harmonische Verbindung von Malzaromen und einer angenehmen Hopfenbitterkeit offenbart. <\/span><span style=\"font-size: large;\">Das Finish ist erfrischend und sorgt f\u00fcr einen langanhaltenden Genuss. <\/span><\/p>\n<p style=\"text-align: center;\"><span style=\"font-size: large;\">Mathias, Chef der Braufabrik Hoehn, hat sein gesamtes K\u00f6nnen und seine Leidenschaft in die Kreation von Werner&#8217;s Thekengold gesteckt, und das Ergebnis spricht f\u00fcr sich. Wir sind stolz darauf, dieses einzigartige Bier exklusiv in unserem Wechself\u00e4\u00dfla anzubieten. Wir hoffen, dass Sie Werner&#8217;s Thekengold ebenso genie\u00dfen werden wie wir. Dieses Bier ist nicht nur ein Getr\u00e4nk, sondern ein Erlebnis \u2013 ein Tribut an die Freude, die uns unsere gesch\u00e4tzten G\u00e4ste tagt\u00e4glich bereiten. <\/span><\/p>\n<p style=\"text-align: center;\"><span style=\"font-size: large;\">Lassen Sie uns gemeinsam auf die goldenen Momente an unserer Theke ansto\u00dfen!<\/span><span style=\"font-size: large;\"><\/span><\/p>\n<p style=\"text-align: center;\">\n<p style=\"text-align: center;\">\n<p>[\/et_pb_text][\/et_pb_column][\/et_pb_row][et_pb_row _builder_version=&#8221;4.16&#8243; global_colors_info=&#8221;{}&#8221;][et_pb_column type=&#8221;4_4&#8243; _builder_version=&#8221;4.16&#8243; global_colors_info=&#8221;{}&#8221;][et_pb_image src=&#8221;http:\/\/zum-bader.de\/wp-content\/uploads\/2023\/09\/IMG_0488-scaled.jpeg&#8221; title_text=&#8221;IMG_0488&#8243; align=&#8221;center&#8221; _builder_version=&#8221;4.22.1&#8243; _module_preset=&#8221;default&#8221; global_colors_info=&#8221;{}&#8221;][\/et_pb_image][\/et_pb_column][\/et_pb_row][et_pb_row column_structure=&#8221;1_5,3_5,1_5&#8243; _builder_version=&#8221;4.22.1&#8243; _module_preset=&#8221;default&#8221; global_colors_info=&#8221;{}&#8221;][et_pb_column type=&#8221;1_5&#8243; _builder_version=&#8221;4.22.1&#8243; _module_preset=&#8221;default&#8221; global_colors_info=&#8221;{}&#8221;][\/et_pb_column][et_pb_column type=&#8221;3_5&#8243; _builder_version=&#8221;4.22.1&#8243; _module_preset=&#8221;default&#8221; global_colors_info=&#8221;{}&#8221;][et_pb_text _builder_version=&#8221;4.22.1&#8243; _module_preset=&#8221;default&#8221; global_colors_info=&#8221;{}&#8221;]<\/p>\n<h3 style=\"text-align: center;\">Hopfenernte &#8211; der erste Schritt zum Bader-Hoehn Hopfenb\u00fcndnis ist getan!<\/h3>\n<p>[\/et_pb_text][\/et_pb_column][et_pb_column type=&#8221;1_5&#8243; _builder_version=&#8221;4.22.1&#8243; _module_preset=&#8221;default&#8221; global_colors_info=&#8221;{}&#8221;][\/et_pb_column][\/et_pb_row][et_pb_row _builder_version=&#8221;4.16&#8243; global_colors_info=&#8221;{}&#8221;][et_pb_column type=&#8221;4_4&#8243; _builder_version=&#8221;4.16&#8243; global_colors_info=&#8221;{}&#8221;][et_pb_video src=&#8221;https:\/\/youtu.be\/1J4DwleNRqQ&#8221; _builder_version=&#8221;4.22.1&#8243; _module_preset=&#8221;default&#8221; global_colors_info=&#8221;{}&#8221;][\/et_pb_video][\/et_pb_column][\/et_pb_row][et_pb_row column_structure=&#8221;1_5,3_5,1_5&#8243; _builder_version=&#8221;4.22.1&#8243; _module_preset=&#8221;default&#8221; global_colors_info=&#8221;{}&#8221;][et_pb_column type=&#8221;1_5&#8243; _builder_version=&#8221;4.22.1&#8243; _module_preset=&#8221;default&#8221; global_colors_info=&#8221;{}&#8221;][\/et_pb_column][et_pb_column type=&#8221;3_5&#8243; _builder_version=&#8221;4.22.1&#8243; _module_preset=&#8221;default&#8221; global_colors_info=&#8221;{}&#8221;][et_pb_text _builder_version=&#8221;4.22.1&#8243; _module_preset=&#8221;default&#8221; global_colors_info=&#8221;{}&#8221;]<\/p>\n<h3 style=\"text-align: center;\">Der Brautag: Ende September war es so weit, wir haben unter fachkundiger Leitung von <a href=\"www.bierfabrikhoehn.de\"><span style=\"text-decoration: underline;\">Mathias Hoehn in der Bierfabrik Hoehn, Herzogenaurach<\/span><\/a>, den Hopfenb\u00fcndnis-Sud angesetzt. Nun hei\u00dft es warten&#8230;<\/h3>\n<p>[\/et_pb_text][\/et_pb_column][et_pb_column type=&#8221;1_5&#8243; _builder_version=&#8221;4.22.1&#8243; _module_preset=&#8221;default&#8221; global_colors_info=&#8221;{}&#8221;][\/et_pb_column][\/et_pb_row][et_pb_row _builder_version=&#8221;4.22.1&#8243; _module_preset=&#8221;default&#8221; global_colors_info=&#8221;{}&#8221;][et_pb_column type=&#8221;4_4&#8243; _builder_version=&#8221;4.22.1&#8243; _module_preset=&#8221;default&#8221; global_colors_info=&#8221;{}&#8221;][et_pb_video src=&#8221;https:\/\/youtu.be\/Wa91IfuU6n4&#8243; _builder_version=&#8221;4.22.1&#8243; _module_preset=&#8221;default&#8221; global_colors_info=&#8221;{}&#8221;][\/et_pb_video][\/et_pb_column][\/et_pb_row][\/et_pb_section][et_pb_section fb_built=&#8221;1&#8243; _builder_version=&#8221;4.16&#8243; global_colors_info=&#8221;{}&#8221;][et_pb_row _builder_version=&#8221;4.16&#8243; background_size=&#8221;initial&#8221; background_position=&#8221;top_left&#8221; background_repeat=&#8221;repeat&#8221; custom_padding=&#8221;27px|0px|27px|0px&#8221; global_colors_info=&#8221;{}&#8221;][et_pb_column type=&#8221;4_4&#8243; _builder_version=&#8221;4.16&#8243; custom_padding=&#8221;|||&#8221; global_colors_info=&#8221;{}&#8221; custom_padding__hover=&#8221;|||&#8221;][et_pb_text _builder_version=&#8221;4.17.3&#8243; text_font=&#8221;||||||||&#8221; header_font=&#8221;||||||||&#8221; header_3_font=&#8221;Montserrat|700||on|||||&#8221; header_3_text_color=&#8221;#bfbfbf&#8221; header_3_font_size=&#8221;14px&#8221; header_3_letter_spacing=&#8221;2px&#8221; header_3_line_height=&#8221;1.3em&#8221; background_size=&#8221;initial&#8221; background_position=&#8221;top_left&#8221; background_repeat=&#8221;repeat&#8221; text_orientation=&#8221;center&#8221; module_alignment=&#8221;center&#8221; custom_margin=&#8221;||-4px|||&#8221; custom_padding=&#8221;|||&#8221; animation_style=&#8221;slide&#8221; animation_direction=&#8221;bottom&#8221; saved_tabs=&#8221;all&#8221; locked=&#8221;off&#8221; global_colors_info=&#8221;{}&#8221; text_letter_spacing__hover=&#8221;0px&#8221; text_letter_spacing__hover_enabled=&#8221;0px&#8221; text_line_height__hover=&#8221;1.7em&#8221; text_line_height__hover_enabled=&#8221;1.7em&#8221; text_orientation__hover=&#8221;left&#8221; text_orientation__hover_enabled=&#8221;left&#8221; text_font_size__hover=&#8221;14px&#8221; text_font_size__hover_enabled=&#8221;14px&#8221; text_text_shadow_style__hover=&#8221;none&#8221; text_text_shadow_style__hover_enabled=&#8221;none&#8221; text_text_shadow_color__hover=&#8221;rgba(0,0,0,0.4)&#8221; text_text_shadow_color__hover_enabled=&#8221;rgba(0,0,0,0.4)&#8221; link_font_size__hover=&#8221;14px&#8221; link_font_size__hover_enabled=&#8221;14px&#8221; link_letter_spacing__hover=&#8221;0px&#8221; link_letter_spacing__hover_enabled=&#8221;0px&#8221; link_line_height__hover=&#8221;1em&#8221; link_line_height__hover_enabled=&#8221;1em&#8221; link_text_shadow_style__hover=&#8221;none&#8221; link_text_shadow_style__hover_enabled=&#8221;none&#8221; link_text_shadow_color__hover=&#8221;rgba(0,0,0,0.4)&#8221; link_text_shadow_color__hover_enabled=&#8221;rgba(0,0,0,0.4)&#8221; ul_font_size__hover=&#8221;14px&#8221; ul_font_size__hover_enabled=&#8221;14px&#8221; ul_letter_spacing__hover=&#8221;0px&#8221; ul_letter_spacing__hover_enabled=&#8221;0px&#8221; ul_line_height__hover=&#8221;1em&#8221; ul_line_height__hover_enabled=&#8221;1em&#8221; ul_text_shadow_style__hover=&#8221;none&#8221; ul_text_shadow_style__hover_enabled=&#8221;none&#8221; ul_text_shadow_color__hover=&#8221;rgba(0,0,0,0.4)&#8221; ul_text_shadow_color__hover_enabled=&#8221;rgba(0,0,0,0.4)&#8221; ol_font_size__hover=&#8221;14px&#8221; ol_font_size__hover_enabled=&#8221;14px&#8221; ol_letter_spacing__hover=&#8221;0px&#8221; ol_letter_spacing__hover_enabled=&#8221;0px&#8221; ol_line_height__hover=&#8221;1em&#8221; ol_line_height__hover_enabled=&#8221;1em&#8221; ol_text_shadow_style__hover=&#8221;none&#8221; ol_text_shadow_style__hover_enabled=&#8221;none&#8221; ol_text_shadow_color__hover=&#8221;rgba(0,0,0,0.4)&#8221; ol_text_shadow_color__hover_enabled=&#8221;rgba(0,0,0,0.4)&#8221; quote_font_size__hover=&#8221;14px&#8221; quote_font_size__hover_enabled=&#8221;14px&#8221; quote_letter_spacing__hover=&#8221;0px&#8221; quote_letter_spacing__hover_enabled=&#8221;0px&#8221; quote_line_height__hover=&#8221;1em&#8221; quote_line_height__hover_enabled=&#8221;1em&#8221; quote_text_shadow_style__hover=&#8221;none&#8221; quote_text_shadow_style__hover_enabled=&#8221;none&#8221; quote_text_shadow_color__hover=&#8221;rgba(0,0,0,0.4)&#8221; quote_text_shadow_color__hover_enabled=&#8221;rgba(0,0,0,0.4)&#8221; background_layout__hover=&#8221;light&#8221; background_layout__hover_enabled=&#8221;light&#8221;]<\/p>\n<h3>Jetzt anmelden und keine Aktion verpassen!<\/h3>\n<p>[\/et_pb_text][et_pb_divider show_divider=&#8221;off&#8221; _builder_version=&#8221;4.16&#8243; max_width=&#8221;60px&#8221; module_alignment=&#8221;center&#8221; custom_margin=&#8221;||10px|&#8221; saved_tabs=&#8221;all&#8221; locked=&#8221;off&#8221; global_colors_info=&#8221;{}&#8221;][\/et_pb_divider][et_pb_text _builder_version=&#8221;4.16&#8243; text_font=&#8221;||||||||&#8221; header_font=&#8221;||||||||&#8221; header_2_font=&#8221;Playfair Display||||&#8221; header_2_font_size=&#8221;48px&#8221; header_2_line_height=&#8221;1.3em&#8221; background_size=&#8221;initial&#8221; background_position=&#8221;top_left&#8221; background_repeat=&#8221;repeat&#8221; text_orientation=&#8221;center&#8221; custom_margin=&#8221;-34px|||||&#8221; locked=&#8221;off&#8221; global_colors_info=&#8221;{}&#8221; header_font_size__hover=&#8221;30px&#8221; header_font_size__hover_enabled=&#8221;30px&#8221; header_letter_spacing__hover=&#8221;0px&#8221; header_letter_spacing__hover_enabled=&#8221;0px&#8221; header_text_shadow_style__hover=&#8221;none&#8221; header_text_shadow_style__hover_enabled=&#8221;none&#8221; header_text_shadow_color__hover=&#8221;rgba(0,0,0,0.4)&#8221; header_text_shadow_color__hover_enabled=&#8221;rgba(0,0,0,0.4)&#8221;]<\/p>\n<h2>&#8220;Zum Bader&#8221; Newsletter<\/h2>\n<p>[\/et_pb_text][et_pb_text _builder_version=&#8221;4.17.3&#8243; text_font=&#8221;Montserrat||||&#8221; text_text_color=&#8221;#939393&#8243; text_font_size=&#8221;17px&#8221; text_line_height=&#8221;1.8em&#8221; header_font=&#8221;||||&#8221; background_size=&#8221;initial&#8221; background_position=&#8221;top_left&#8221; background_repeat=&#8221;repeat&#8221; text_orientation=&#8221;center&#8221; max_width=&#8221;815px&#8221; module_alignment=&#8221;center&#8221; min_height=&#8221;31px&#8221; custom_margin=&#8221;-29px|||||&#8221; custom_padding=&#8221;|||0px||&#8221; animation_style=&#8221;slide&#8221; animation_direction=&#8221;top&#8221; animation_intensity_slide=&#8221;4%&#8221; global_colors_info=&#8221;{}&#8221;]<\/p>\n<p>Wenn Sie in Zukunft direkt \u00fcber neue Aktionen informiert und mit weiteren Infos rund um unser Restaurant versorgt werden m\u00f6chten, dann <a href=\"http:\/\/zum-bader.de\/?page_id=223365\" target=\"_blank\" rel=\"noopener\">klicken Sie hier und melden sich gerne in unserem Newsletter an. Von Zeit zu Zeit gibt es dort exklusive Angebote und Aktionen, die Sie nur \u00fcber den Verteiler erhalten. Also am Besten sofort anmelden \ud83d\ude09<\/a><\/p>\n<p>[\/et_pb_text][\/et_pb_column][\/et_pb_row][\/et_pb_section][et_pb_section fb_built=&#8221;1&#8243; admin_label=&#8221;Contact Us&#8221; _builder_version=&#8221;4.16&#8243; background_color=&#8221;rgba(0,0,0,0.75)&#8221; background_image=&#8221;http:\/\/zum-bader.de\/wp-content\/uploads\/2019\/11\/centralimage3.jpg&#8221; background_blend=&#8221;color&#8221; custom_padding=&#8221;100px|0px|100px|0px&#8221; locked=&#8221;off&#8221; collapsed=&#8221;off&#8221; global_colors_info=&#8221;{}&#8221;][\/et_pb_section]<\/p>\n","protected":false},"excerpt":{"rendered":"<p>&nbsp; &nbsp;Es ist so weit: Werner&#8217;s Thekengold ist erh\u00e4ltlich! Die Zeit des Wartens hat ein Ende! Wir pr\u00e4sentieren stolz unser erstes exklusiv f\u00fcr uns gebrautes Bier: willkommen, Werner&#8217;s Thekengold! Ab dem 18. November wird es exklusiv im Wechself\u00e4\u00dfla erh\u00e4ltlich sein. Dieses au\u00dfergew\u00f6hnliche Bier ist das Ergebnis einer einzigartigen Partnerschaft, die unsere Leidenschaft f\u00fcr handwerklich gebrautes [&hellip;]<\/p>\n","protected":false},"author":1,"featured_media":0,"parent":0,"menu_order":0,"comment_status":"closed","ping_status":"closed","template":"","meta":{"_et_pb_use_builder":"on","_et_pb_old_content":"<!-- wp:divi\/placeholder \/-->","_et_gb_content_width":"","footnotes":""},"class_list":["post-223593","page","type-page","status-publish","hentry"],"_links":{"self":[{"href":"http:\/\/zum-bader.de\/index.php?rest_route=\/wp\/v2\/pages\/223593","targetHints":{"allow":["GET"]}}],"collection":[{"href":"http:\/\/zum-bader.de\/index.php?rest_route=\/wp\/v2\/pages"}],"about":[{"href":"http:\/\/zum-bader.de\/index.php?rest_route=\/wp\/v2\/types\/page"}],"author":[{"embeddable":true,"href":"http:\/\/zum-bader.de\/index.php?rest_route=\/wp\/v2\/users\/1"}],"replies":[{"embeddable":true,"href":"http:\/\/zum-bader.de\/index.php?rest_route=%2Fwp%2Fv2%2Fcomments&post=223593"}],"version-history":[{"count":18,"href":"http:\/\/zum-bader.de\/index.php?rest_route=\/wp\/v2\/pages\/223593\/revisions"}],"predecessor-version":[{"id":223718,"href":"http:\/\/zum-bader.de\/index.php?rest_route=\/wp\/v2\/pages\/223593\/revisions\/223718"}],"wp:attachment":[{"href":"http:\/\/zum-bader.de\/index.php?rest_route=%2Fwp%2Fv2%2Fmedia&parent=223593"}],"curies":[{"name":"wp","href":"https:\/\/api.w.org\/{rel}","templated":true}]}}